{"id":5083,"date":"2024-01-15T16:15:20","date_gmt":"2024-01-15T15:15:20","guid":{"rendered":"https:\/\/kboc.eu\/khaild-cohen\/"},"modified":"2024-02-07T11:54:59","modified_gmt":"2024-02-07T10:54:59","slug":"khaild-cohen","status":"publish","type":"page","link":"https:\/\/kboc.eu\/fr\/khaild-cohen\/","title":{"rendered":"KHALID COHEN"},"content":{"rendered":"\t\t<div data-elementor-type=\"wp-page\" data-elementor-id=\"5083\" class=\"elementor elementor-5083 elementor-3420\" data-elementor-post-type=\"page\">\n\t\t\t\t\t\t\t\t\t<section class=\"elementor-section elementor-top-section elementor-element elementor-element-38e8159 px-gutter elementor-section-boxed elementor-section-height-default elementor-section-height-default\" data-id=\"38e8159\" data-element_type=\"section\" data-settings=\"{&quot;background_background&quot;:&quot;classic&quot;}\">\r\n\t\t\r\n\t\t\t\t\t\t\t<div class=\"elementor-container elementor-column-gap-default\">\r\n\t\t\t\t\t\t\t\t\t\t\t<div class=\"elementor-column elementor-col-50 elementor-top-column elementor-element elementor-element-6541c25 custom-full-img elementor-invisible\" data-id=\"6541c25\" data-element_type=\"column\" data-settings=\"{&quot;animation&quot;:&quot;fadeInUp&quot;,&quot;animation_delay&quot;:200,&quot;background_background&quot;:&quot;classic&quot;}\">\r\n\t\t\t\t\t<div class=\"elementor-widget-wrap elementor-element-populated\">\r\n\t\t\t\t\t\t\t\t<div class=\"elementor-element elementor-element-67e0c67 elementor-position-top elementor-widget elementor-widget-image-box\" data-id=\"67e0c67\" data-element_type=\"widget\" data-widget_type=\"image-box.default\">\n\t\t\t\t<div class=\"elementor-widget-container\">\n\t\t\t<style>.elementor-widget-image-box .elementor-image-box-content{width:100%}@media (min-width:768px){.elementor-widget-image-box.elementor-position-left .elementor-image-box-wrapper,.elementor-widget-image-box.elementor-position-right .elementor-image-box-wrapper{display:flex}.elementor-widget-image-box.elementor-position-right .elementor-image-box-wrapper{text-align:right;flex-direction:row-reverse}.elementor-widget-image-box.elementor-position-left .elementor-image-box-wrapper{text-align:left;flex-direction:row}.elementor-widget-image-box.elementor-position-top .elementor-image-box-img{margin:auto}.elementor-widget-image-box.elementor-vertical-align-top .elementor-image-box-wrapper{align-items:flex-start}.elementor-widget-image-box.elementor-vertical-align-middle .elementor-image-box-wrapper{align-items:center}.elementor-widget-image-box.elementor-vertical-align-bottom .elementor-image-box-wrapper{align-items:flex-end}}@media (max-width:767px){.elementor-widget-image-box .elementor-image-box-img{margin-left:auto!important;margin-right:auto!important;margin-bottom:15px}}.elementor-widget-image-box .elementor-image-box-img{display:inline-block}.elementor-widget-image-box .elementor-image-box-title a{color:inherit}.elementor-widget-image-box .elementor-image-box-wrapper{text-align:center}.elementor-widget-image-box .elementor-image-box-description{margin:0}<\/style><div class=\"elementor-image-box-wrapper\"><figure class=\"elementor-image-box-img\"><img fetchpriority=\"high\" decoding=\"async\" width=\"1297\" height=\"547\" src=\"https:\/\/kboc.eu\/wp-content\/uploads\/2024\/01\/dots-background-4.png\" class=\"elementor-animation-grow attachment-full size-full wp-image-5002\" alt=\"\" srcset=\"https:\/\/kboc.eu\/wp-content\/uploads\/2024\/01\/dots-background-4.png 1297w, https:\/\/kboc.eu\/wp-content\/uploads\/2024\/01\/dots-background-4-1024x432.png 1024w, https:\/\/kboc.eu\/wp-content\/uploads\/2024\/01\/dots-background-4-768x324.png 768w, https:\/\/kboc.eu\/wp-content\/uploads\/2024\/01\/dots-background-4-640x270.png 640w, https:\/\/kboc.eu\/wp-content\/uploads\/2024\/01\/dots-background-4-400x169.png 400w\" sizes=\"(max-width: 1297px) 100vw, 1297px\" \/><\/figure><div class=\"elementor-image-box-content\"><div class=\"elementor-image-box-title\"><h4 class=\"font-weight-bold custom-name-font mb-0\"><span style=\"font-size: 19.6px;\">KHALID COHEN<\/span><span style=\"font-family: Sintony, Poppins; font-size: 15.12px; letter-spacing: -0.756px; color: var(--porto-body-color);\"><\/span><br><\/h4><\/div><p class=\"elementor-image-box-description\">DIRECTEUR DES OPERATIONS DES SITES DE PRODUCTION - MAROC<\/p><\/div><\/div>\t\t<\/div>\n\t\t\t\t<\/div>\n\t\t\t\t<div class=\"elementor-element elementor-element-0610b40 elementor-widget elementor-widget-porto_button\" data-id=\"0610b40\" data-element_type=\"widget\" data-settings=\"{&quot;align&quot;:&quot;left&quot;}\" data-widget_type=\"porto_button.default\">\n\t\t\t\t<div class=\"elementor-widget-container\">\n\t\t\t<a aria-label=\"button\" class=\"btn btn-md btn-primary btn-hover-text-effect hover-text-switch-left\" href=\"https:\/\/kboc.eu\/kboc-teams\/\"><span class=\"btn-text\" data-text=\"Rencontrez nos \u00e9quipes\">Rencontrez nos \u00e9quipes<\/span><\/a>\t\t<\/div>\n\t\t\t\t<\/div>\n\t\t\t\t\t<\/div>\r\n\t\t\t\t<\/div>\r\n\t\t\t\t<div class=\"elementor-column elementor-col-50 elementor-top-column elementor-element elementor-element-e664fb0\" data-id=\"e664fb0\" data-element_type=\"column\">\r\n\t\t\t\t\t<div class=\"elementor-widget-wrap elementor-element-populated\">\r\n\t\t\t\t\t\t\t\t<div class=\"elementor-element elementor-element-1a5929f elementor-invisible elementor-widget elementor-widget-porto_ultimate_heading\" data-id=\"1a5929f\" data-element_type=\"widget\" data-settings=\"{&quot;_animation&quot;:&quot;fadeInUp&quot;,&quot;_animation_delay&quot;:200}\" data-widget_type=\"porto_ultimate_heading.default\">\n\t\t\t\t<div class=\"elementor-widget-container\">\n\t\t\t<div class=\"porto-u-heading  porto-u-2115\"><div class=\"porto-u-sub-heading\" style=\"margin-bottom:20px;\"><p><span style=\"font-size: 13px;\">M. Khalid Cohen se distingue comme une figure \u00e9minente du paysage des affaires marocain, marqu\u00e9 par une carri\u00e8re remarquable couvrant divers secteurs Dipl\u00f4m\u00e9 d'un Master en Ing\u00e9nierie des T\u00e9l\u00e9communications de l'INT-Paris, son parcours d\u00e9bute avec une d\u00e9cennie en tant que Directeur de l'Ing\u00e9nierie chez Maroc-Telecom, supervisant les op\u00e9rations de t\u00e9l\u00e9communication dans la r\u00e9gion de F\u00e8s-Mekn\u00e8s.<\/span><\/p><p><span style=\"font-size: 13px;\">Un chapitre cl\u00e9 de son h\u00e9ritage entrepreneurial commence en tant que co-cr\u00e9ateur et Directeur des Op\u00e9rations du Groupe Belcof, un conglom\u00e9rat marocain sp\u00e9cialis\u00e9 dans la confection de v\u00eatements pour l'exportation internationale. Dirigeant environ 7000 employ\u00e9s, il guide Belcof Group pour devenir l'une des entreprises les plus r\u00e9ussies dans la confection de v\u00eatements dans la r\u00e9gion MENA au cours des ann\u00e9es 90.<\/span><\/p><p><span style=\"font-size: 13px;\">Au cours des 19 derni\u00e8res ann\u00e9es, M. Cohen a \u00e9t\u00e9 le Directeur des Op\u00e9rations des sites de production au sein de \"KBOC &amp; Partners\", laissant une empreinte ind\u00e9l\u00e9bile en tant que co-cr\u00e9ateur du premier centre d'appels \u00e0 F\u00e8s, au Maroc. Actuellement, il dirige un groupe de quatre centres d'appels comptant environ 450 employ\u00e9s, contribuant de mani\u00e8re significative \u00e0 la croissance du secteur de l'externalisation au Maroc.<\/span><\/p><p><span style=\"font-size: 13px;\">Largement consid\u00e9r\u00e9 comme l'un des leaders et entrepreneurs les plus r\u00e9ussis de sa g\u00e9n\u00e9ration au Maroc, le profil de M. Cohen refl\u00e8te un m\u00e9lange harmonieux de qualit\u00e9s inn\u00e9es de leadership et une adaptation avis\u00e9e aux besoins dynamiques du march\u00e9. Son acuit\u00e9 strat\u00e9gique et son engagement envers le progr\u00e8s continu ont non seulement fa\u00e7onn\u00e9 le succ\u00e8s des entreprises qu'il a dirig\u00e9es, mais ont \u00e9galement jou\u00e9 un r\u00f4le crucial dans la promotion des opportunit\u00e9s d'emploi au Maroc, notamment dans le secteur de l'externalisation. En tant que Pr\u00e9sident actuel et COO de tous les sites de production de \"KBOC &amp; Partners\" au Maroc, M. Khalid Cohen continue de guider l'organisation avec un engagement inlassable envers l'excellence et l'innovation.<\/span><\/p><\/div><style>.porto-u-2115.porto-u-heading{text-align:left}<\/style><\/div>\t\t<\/div>\n\t\t\t\t<\/div>\n\t\t\t\t\t<\/div>\r\n\t\t\t\t<\/div>\r\n\t\t\t\t\t<\/div>\r\n\t\t\t\t<\/section>\r\n\t\t\t\t\t\t\t<\/div>\n\t\t","protected":false},"excerpt":{"rendered":"<p>KHALID COHEN DIRECTEUR DES OPERATIONS DES SITES DE PRODUCTION &#8211; MAROC Rencontrez nos \u00e9quipes M. Khalid Cohen se distingue comme une figure \u00e9minente du paysage des affaires marocain, marqu\u00e9 par une carri\u00e8re remarquable couvrant divers secteurs Dipl\u00f4m\u00e9 d&rsquo;un Master en Ing\u00e9nierie des T\u00e9l\u00e9communications de l&rsquo;INT-Paris, son parcours d\u00e9bute avec une d\u00e9cennie en tant que Directeur [&hellip;]<\/p>\n","protected":false},"author":4,"featured_media":0,"parent":0,"menu_order":0,"comment_status":"closed","ping_status":"closed","template":"","meta":{"_mi_skip_tracking":false,"_monsterinsights_sitenote_active":false,"_monsterinsights_sitenote_note":"","_monsterinsights_sitenote_category":0,"footnotes":""},"_links":{"self":[{"href":"https:\/\/kboc.eu\/fr\/wp-json\/wp\/v2\/pages\/5083"}],"collection":[{"href":"https:\/\/kboc.eu\/fr\/wp-json\/wp\/v2\/pages"}],"about":[{"href":"https:\/\/kboc.eu\/fr\/wp-json\/wp\/v2\/types\/page"}],"author":[{"embeddable":true,"href":"https:\/\/kboc.eu\/fr\/wp-json\/wp\/v2\/users\/4"}],"replies":[{"embeddable":true,"href":"https:\/\/kboc.eu\/fr\/wp-json\/wp\/v2\/comments?post=5083"}],"version-history":[{"count":20,"href":"https:\/\/kboc.eu\/fr\/wp-json\/wp\/v2\/pages\/5083\/revisions"}],"predecessor-version":[{"id":5197,"href":"https:\/\/kboc.eu\/fr\/wp-json\/wp\/v2\/pages\/5083\/revisions\/5197"}],"wp:attachment":[{"href":"https:\/\/kboc.eu\/fr\/wp-json\/wp\/v2\/media?parent=5083"}],"curies":[{"name":"wp","href":"https:\/\/api.w.org\/{rel}","templated":true}]}}