{"id":5119,"date":"2024-01-15T10:04:59","date_gmt":"2024-01-15T09:04:59","guid":{"rendered":"https:\/\/kboc.eu\/amine-bernoussi\/"},"modified":"2024-02-07T14:38:14","modified_gmt":"2024-02-07T13:38:14","slug":"amine-bernoussi","status":"publish","type":"page","link":"https:\/\/kboc.eu\/fr\/amine-bernoussi\/","title":{"rendered":"AMINE BERNOUSSI"},"content":{"rendered":"\t\t<div data-elementor-type=\"wp-page\" data-elementor-id=\"5119\" class=\"elementor elementor-5119 elementor-3328\" data-elementor-post-type=\"page\">\n\t\t\t\t\t\t\t\t\t<section class=\"elementor-section elementor-top-section elementor-element elementor-element-38e8159 px-gutter elementor-section-boxed elementor-section-height-default elementor-section-height-default\" data-id=\"38e8159\" data-element_type=\"section\" data-settings=\"{&quot;background_background&quot;:&quot;classic&quot;}\">\r\n\t\t\r\n\t\t\t\t\t\t\t<div class=\"elementor-container elementor-column-gap-default\">\r\n\t\t\t\t\t\t\t\t\t\t\t<div class=\"elementor-column elementor-col-50 elementor-top-column elementor-element elementor-element-6541c25 custom-full-img elementor-invisible\" data-id=\"6541c25\" data-element_type=\"column\" data-settings=\"{&quot;animation&quot;:&quot;fadeInUp&quot;,&quot;animation_delay&quot;:200,&quot;background_background&quot;:&quot;classic&quot;}\">\r\n\t\t\t\t\t<div class=\"elementor-widget-wrap elementor-element-populated\">\r\n\t\t\t\t\t\t\t\t<div class=\"elementor-element elementor-element-67e0c67 elementor-position-top elementor-widget elementor-widget-image-box\" data-id=\"67e0c67\" data-element_type=\"widget\" data-widget_type=\"image-box.default\">\n\t\t\t\t<div class=\"elementor-widget-container\">\n\t\t\t<style>.elementor-widget-image-box .elementor-image-box-content{width:100%}@media (min-width:768px){.elementor-widget-image-box.elementor-position-left .elementor-image-box-wrapper,.elementor-widget-image-box.elementor-position-right .elementor-image-box-wrapper{display:flex}.elementor-widget-image-box.elementor-position-right .elementor-image-box-wrapper{text-align:right;flex-direction:row-reverse}.elementor-widget-image-box.elementor-position-left .elementor-image-box-wrapper{text-align:left;flex-direction:row}.elementor-widget-image-box.elementor-position-top .elementor-image-box-img{margin:auto}.elementor-widget-image-box.elementor-vertical-align-top .elementor-image-box-wrapper{align-items:flex-start}.elementor-widget-image-box.elementor-vertical-align-middle .elementor-image-box-wrapper{align-items:center}.elementor-widget-image-box.elementor-vertical-align-bottom .elementor-image-box-wrapper{align-items:flex-end}}@media (max-width:767px){.elementor-widget-image-box .elementor-image-box-img{margin-left:auto!important;margin-right:auto!important;margin-bottom:15px}}.elementor-widget-image-box .elementor-image-box-img{display:inline-block}.elementor-widget-image-box .elementor-image-box-title a{color:inherit}.elementor-widget-image-box .elementor-image-box-wrapper{text-align:center}.elementor-widget-image-box .elementor-image-box-description{margin:0}<\/style><div class=\"elementor-image-box-wrapper\"><figure class=\"elementor-image-box-img\"><img fetchpriority=\"high\" decoding=\"async\" width=\"2221\" height=\"2560\" src=\"https:\/\/kboc.eu\/wp-content\/uploads\/2024\/01\/Amine-5-1-scaled.jpg\" class=\"elementor-animation-grow attachment-full size-full wp-image-5029\" alt=\"\" srcset=\"https:\/\/kboc.eu\/wp-content\/uploads\/2024\/01\/Amine-5-1-scaled.jpg 2221w, https:\/\/kboc.eu\/wp-content\/uploads\/2024\/01\/Amine-5-1-888x1024.jpg 888w, https:\/\/kboc.eu\/wp-content\/uploads\/2024\/01\/Amine-5-1-768x885.jpg 768w, https:\/\/kboc.eu\/wp-content\/uploads\/2024\/01\/Amine-5-1-1333x1536.jpg 1333w, https:\/\/kboc.eu\/wp-content\/uploads\/2024\/01\/Amine-5-1-1777x2048.jpg 1777w, https:\/\/kboc.eu\/wp-content\/uploads\/2024\/01\/Amine-5-1-640x738.jpg 640w, https:\/\/kboc.eu\/wp-content\/uploads\/2024\/01\/Amine-5-1-400x461.jpg 400w, https:\/\/kboc.eu\/wp-content\/uploads\/2024\/01\/Amine-5-1-367x423.jpg 367w\" sizes=\"(max-width: 2221px) 100vw, 2221px\" \/><\/figure><div class=\"elementor-image-box-content\"><div class=\"elementor-image-box-title\"><h4 class=\"font-weight-bold custom-name-font mb-0\"><span style=\"font-size: 19.6px;\">AMINE BERNOUSSI<\/span><span style=\"font-family: Sintony, Poppins; font-size: 15.12px; letter-spacing: -0.756px; color: var(--porto-body-color);\"><\/span><br><\/h4><\/div><p class=\"elementor-image-box-description\">COO KBOC - EU &amp; UK<\/p><\/div><\/div>\t\t<\/div>\n\t\t\t\t<\/div>\n\t\t\t\t<div class=\"elementor-element elementor-element-0610b40 elementor-widget elementor-widget-porto_button\" data-id=\"0610b40\" data-element_type=\"widget\" data-settings=\"{&quot;align&quot;:&quot;left&quot;}\" data-widget_type=\"porto_button.default\">\n\t\t\t\t<div class=\"elementor-widget-container\">\n\t\t\t<a aria-label=\"button\" class=\"btn btn-md btn-primary btn-hover-text-effect hover-text-switch-left\" href=\"https:\/\/kboc.eu\/kboc-teams\/\"><span class=\"btn-text\" data-text=\"Rencontrez nos \u00e9quipes\">Rencontrez nos \u00e9quipes<\/span><\/a>\t\t<\/div>\n\t\t\t\t<\/div>\n\t\t\t\t\t<\/div>\r\n\t\t\t\t<\/div>\r\n\t\t\t\t<div class=\"elementor-column elementor-col-50 elementor-top-column elementor-element elementor-element-e664fb0\" data-id=\"e664fb0\" data-element_type=\"column\">\r\n\t\t\t\t\t<div class=\"elementor-widget-wrap elementor-element-populated\">\r\n\t\t\t\t\t\t\t\t<div class=\"elementor-element elementor-element-1a5929f elementor-invisible elementor-widget elementor-widget-porto_ultimate_heading\" data-id=\"1a5929f\" data-element_type=\"widget\" data-settings=\"{&quot;_animation&quot;:&quot;fadeInUp&quot;,&quot;_animation_delay&quot;:200}\" data-widget_type=\"porto_ultimate_heading.default\">\n\t\t\t\t<div class=\"elementor-widget-container\">\n\t\t\t<div class=\"porto-u-heading  porto-u-8137\"><div class=\"porto-u-sub-heading\" style=\"margin-bottom:20px;\"><p><span style=\"font-size: 13px;\">Amine est l'un des cofondateurs de KBOC &amp; Partners. Il a commenc\u00e9 sa carri\u00e8re il y a 10 ans dans le conseil en gestion. En tant que consultant, il a acquis une solide exp\u00e9rience de la gestion de projets et de la gestion de la complexit\u00e9 dans divers secteurs (\u00e9nergie, technologies de l'information, immobilier, secteur public). Il a \u00e9galement travaill\u00e9 au sein d'entreprises de premier plan dans le secteur de l'\u00e9nergie et les a aid\u00e9es \u00e0 r\u00e9pondre aux demandes du march\u00e9 pendant la crise tardive. Tout au long de sa carri\u00e8re, Amine a travaill\u00e9 avec des profils commerciaux et techniques, ce qui lui permet d'appr\u00e9hender les principaux probl\u00e8mes tout au long du cycle de vie d'un projet. Amine est titulaire d'un dipl\u00f4me d'ing\u00e9nieur de l'ESTP Paris et d'un master en strat\u00e9gie d'entreprise de l'Universit\u00e9 de la Sorbonne. Amine occupe le poste de Directeur G\u00e9n\u00e9ral des Op\u00e9rations de KBOC.<\/span><\/p><\/div><style>.porto-u-8137.porto-u-heading{text-align:left}<\/style><\/div>\t\t<\/div>\n\t\t\t\t<\/div>\n\t\t\t\t\t<\/div>\r\n\t\t\t\t<\/div>\r\n\t\t\t\t\t<\/div>\r\n\t\t\t\t<\/section>\r\n\t\t\t\t\t\t\t<\/div>\n\t\t","protected":false},"excerpt":{"rendered":"<p>AMINE BERNOUSSI COO KBOC &#8211; EU &amp; UK Rencontrez nos \u00e9quipes Amine est l&rsquo;un des cofondateurs de KBOC &amp; Partners. Il a commenc\u00e9 sa carri\u00e8re il y a 10 ans dans le conseil en gestion. En tant que consultant, il a acquis une solide exp\u00e9rience de la gestion de projets et de la gestion de [&hellip;]<\/p>\n","protected":false},"author":4,"featured_media":0,"parent":0,"menu_order":0,"comment_status":"closed","ping_status":"closed","template":"","meta":{"_mi_skip_tracking":false,"_monsterinsights_sitenote_active":false,"_monsterinsights_sitenote_note":"","_monsterinsights_sitenote_category":0,"footnotes":""},"_links":{"self":[{"href":"https:\/\/kboc.eu\/fr\/wp-json\/wp\/v2\/pages\/5119"}],"collection":[{"href":"https:\/\/kboc.eu\/fr\/wp-json\/wp\/v2\/pages"}],"about":[{"href":"https:\/\/kboc.eu\/fr\/wp-json\/wp\/v2\/types\/page"}],"author":[{"embeddable":true,"href":"https:\/\/kboc.eu\/fr\/wp-json\/wp\/v2\/users\/4"}],"replies":[{"embeddable":true,"href":"https:\/\/kboc.eu\/fr\/wp-json\/wp\/v2\/comments?post=5119"}],"version-history":[{"count":11,"href":"https:\/\/kboc.eu\/fr\/wp-json\/wp\/v2\/pages\/5119\/revisions"}],"predecessor-version":[{"id":5227,"href":"https:\/\/kboc.eu\/fr\/wp-json\/wp\/v2\/pages\/5119\/revisions\/5227"}],"wp:attachment":[{"href":"https:\/\/kboc.eu\/fr\/wp-json\/wp\/v2\/media?parent=5119"}],"curies":[{"name":"wp","href":"https:\/\/api.w.org\/{rel}","templated":true}]}}