{"id":5204,"date":"2024-01-15T10:17:04","date_gmt":"2024-01-15T09:17:04","guid":{"rendered":"https:\/\/kboc.eu\/yassine-cohen\/"},"modified":"2024-02-07T14:39:01","modified_gmt":"2024-02-07T13:39:01","slug":"yassine-cohen","status":"publish","type":"page","link":"https:\/\/kboc.eu\/fr\/yassine-cohen\/","title":{"rendered":"YASSINE COHEN"},"content":{"rendered":"\t\t<div data-elementor-type=\"wp-page\" data-elementor-id=\"5204\" class=\"elementor elementor-5204 elementor-3340\" data-elementor-post-type=\"page\">\n\t\t\t\t\t\t\t\t\t<section class=\"elementor-section elementor-top-section elementor-element elementor-element-38e8159 px-gutter elementor-section-boxed elementor-section-height-default elementor-section-height-default\" data-id=\"38e8159\" data-element_type=\"section\" data-settings=\"{&quot;background_background&quot;:&quot;classic&quot;}\">\r\n\t\t\r\n\t\t\t\t\t\t\t<div class=\"elementor-container elementor-column-gap-default\">\r\n\t\t\t\t\t\t\t\t\t\t\t<div class=\"elementor-column elementor-col-50 elementor-top-column elementor-element elementor-element-6541c25 custom-full-img elementor-invisible\" data-id=\"6541c25\" data-element_type=\"column\" data-settings=\"{&quot;animation&quot;:&quot;fadeInUp&quot;,&quot;animation_delay&quot;:200,&quot;background_background&quot;:&quot;classic&quot;}\">\r\n\t\t\t\t\t<div class=\"elementor-widget-wrap elementor-element-populated\">\r\n\t\t\t\t\t\t\t\t<div class=\"elementor-element elementor-element-67e0c67 elementor-position-top elementor-widget elementor-widget-image-box\" data-id=\"67e0c67\" data-element_type=\"widget\" data-widget_type=\"image-box.default\">\n\t\t\t\t<div class=\"elementor-widget-container\">\n\t\t\t<style>.elementor-widget-image-box .elementor-image-box-content{width:100%}@media (min-width:768px){.elementor-widget-image-box.elementor-position-left .elementor-image-box-wrapper,.elementor-widget-image-box.elementor-position-right .elementor-image-box-wrapper{display:flex}.elementor-widget-image-box.elementor-position-right .elementor-image-box-wrapper{text-align:right;flex-direction:row-reverse}.elementor-widget-image-box.elementor-position-left .elementor-image-box-wrapper{text-align:left;flex-direction:row}.elementor-widget-image-box.elementor-position-top .elementor-image-box-img{margin:auto}.elementor-widget-image-box.elementor-vertical-align-top .elementor-image-box-wrapper{align-items:flex-start}.elementor-widget-image-box.elementor-vertical-align-middle .elementor-image-box-wrapper{align-items:center}.elementor-widget-image-box.elementor-vertical-align-bottom .elementor-image-box-wrapper{align-items:flex-end}}@media (max-width:767px){.elementor-widget-image-box .elementor-image-box-img{margin-left:auto!important;margin-right:auto!important;margin-bottom:15px}}.elementor-widget-image-box .elementor-image-box-img{display:inline-block}.elementor-widget-image-box .elementor-image-box-title a{color:inherit}.elementor-widget-image-box .elementor-image-box-wrapper{text-align:center}.elementor-widget-image-box .elementor-image-box-description{margin:0}<\/style><div class=\"elementor-image-box-wrapper\"><figure class=\"elementor-image-box-img\"><img fetchpriority=\"high\" decoding=\"async\" width=\"860\" height=\"998\" src=\"https:\/\/kboc.eu\/wp-content\/uploads\/2024\/01\/Photo-Yassine-Cohen.jpg\" class=\"elementor-animation-grow attachment-full size-full wp-image-5011\" alt=\"\" srcset=\"https:\/\/kboc.eu\/wp-content\/uploads\/2024\/01\/Photo-Yassine-Cohen.jpg 860w, https:\/\/kboc.eu\/wp-content\/uploads\/2024\/01\/Photo-Yassine-Cohen-768x891.jpg 768w, https:\/\/kboc.eu\/wp-content\/uploads\/2024\/01\/Photo-Yassine-Cohen-640x743.jpg 640w, https:\/\/kboc.eu\/wp-content\/uploads\/2024\/01\/Photo-Yassine-Cohen-400x464.jpg 400w, https:\/\/kboc.eu\/wp-content\/uploads\/2024\/01\/Photo-Yassine-Cohen-367x426.jpg 367w\" sizes=\"(max-width: 860px) 100vw, 860px\" \/><\/figure><div class=\"elementor-image-box-content\"><div class=\"elementor-image-box-title\"><h4 class=\"font-weight-bold custom-name-font mb-0\"><span style=\"font-size: 19.6px;\">YASSINE COHEN<\/span><span style=\"font-family: Sintony, Poppins; font-size: 15.12px; letter-spacing: -0.756px; color: var(--porto-body-color);\"><\/span><br><\/h4><\/div><p class=\"elementor-image-box-description\">CEO KBOC - UK<\/p><\/div><\/div>\t\t<\/div>\n\t\t\t\t<\/div>\n\t\t\t\t<div class=\"elementor-element elementor-element-0610b40 elementor-widget elementor-widget-porto_button\" data-id=\"0610b40\" data-element_type=\"widget\" data-settings=\"{&quot;align&quot;:&quot;left&quot;}\" data-widget_type=\"porto_button.default\">\n\t\t\t\t<div class=\"elementor-widget-container\">\n\t\t\t<a aria-label=\"button\" class=\"btn btn-md btn-primary btn-hover-text-effect hover-text-switch-left\" href=\"https:\/\/kboc.eu\/kboc-teams\/\"><span class=\"btn-text\" data-text=\"RENCONTREZ NOS \u00c9QUIPES\">RENCONTREZ NOS \u00c9QUIPES<\/span><\/a>\t\t<\/div>\n\t\t\t\t<\/div>\n\t\t\t\t\t<\/div>\r\n\t\t\t\t<\/div>\r\n\t\t\t\t<div class=\"elementor-column elementor-col-50 elementor-top-column elementor-element elementor-element-e664fb0\" data-id=\"e664fb0\" data-element_type=\"column\">\r\n\t\t\t\t\t<div class=\"elementor-widget-wrap elementor-element-populated\">\r\n\t\t\t\t\t\t\t\t<div class=\"elementor-element elementor-element-1a5929f elementor-invisible elementor-widget elementor-widget-porto_ultimate_heading\" data-id=\"1a5929f\" data-element_type=\"widget\" data-settings=\"{&quot;_animation&quot;:&quot;fadeInUp&quot;,&quot;_animation_delay&quot;:200}\" data-widget_type=\"porto_ultimate_heading.default\">\n\t\t\t\t<div class=\"elementor-widget-container\">\n\t\t\t<div class=\"porto-u-heading  porto-u-1171\"><div class=\"porto-u-sub-heading\" style=\"margin-bottom:20px;\"><p><span style=\"font-size: 13px;\">Yassine Cohen est l'un des co-fondateurs de KBOC &amp; Partners. \u00c9lev\u00e9 dans une famille d'entrepreneurs avec un h\u00e9ritage de plus de 40 ans, ses racines dans la fourniture de produits manufactur\u00e9s et de services du Maroc vers les march\u00e9s occidentaux ont pos\u00e9 les bases de son parcours entrepreneurial. Avec plus de 19 ans d'exp\u00e9rience d\u00e9di\u00e9e dans l'industrie de l'externalisation, le Dr Cohen poss\u00e8de une compr\u00e9hension approfondie des aspects techniques et manag\u00e9riaux. Son expertise s'\u00e9tend encore davantage avec un doctorat de la prestigieuse Queen Mary University de Londres, ax\u00e9 sur \"l'apprentissage des relations et la gestion des connaissances entre les clients et les fournisseurs dans le contexte de l'externalisation\". Cette qu\u00eate acad\u00e9mique a enrichi ses perspectives gr\u00e2ce \u00e0 des interactions approfondies avec de nombreuses entreprises du secteur.<\/span><\/p><p><span style=\"font-size: 13px;\">Dot\u00e9 d'une conscience approfondie des d\u00e9fis \u00e9volutifs sur le march\u00e9 de l'externalisation, le Dr Cohen a cultiv\u00e9 un profil polyvalent, capable de mettre en \u0153uvre des strat\u00e9gies de pointe pour optimiser la rente relationnelle pour toutes les parties prenantes. Certifi\u00e9 dans l'utilisation des big data pour l'intelligence d'affaires de l'Universit\u00e9 de Cambridge, il d\u00e9tient \u00e9galement des certifications en tant qu'officier de protection des donn\u00e9es (DPO) et praticien GDPR. Ces qualifications ont \u00e9t\u00e9 cruciales dans la co-cr\u00e9ation du groupe KBOC en conformit\u00e9 avec les r\u00e9glementations contemporaines sur la protection des donn\u00e9es. Actuellement pr\u00e9sident-directeur g\u00e9n\u00e9ral de KBOC UK, Dr Cohen continue de diriger l'organisation avec un engagement envers l'excellence et l'innovation dans le paysage de l'externalisation.<\/span><\/p><\/div><style>.porto-u-1171.porto-u-heading{text-align:left}<\/style><\/div>\t\t<\/div>\n\t\t\t\t<\/div>\n\t\t\t\t\t<\/div>\r\n\t\t\t\t<\/div>\r\n\t\t\t\t\t<\/div>\r\n\t\t\t\t<\/section>\r\n\t\t\t\t\t\t\t<\/div>\n\t\t","protected":false},"excerpt":{"rendered":"<p>YASSINE COHEN CEO KBOC &#8211; UK RENCONTREZ NOS \u00c9QUIPES Yassine Cohen est l&rsquo;un des co-fondateurs de KBOC &amp; Partners. \u00c9lev\u00e9 dans une famille d&rsquo;entrepreneurs avec un h\u00e9ritage de plus de 40 ans, ses racines dans la fourniture de produits manufactur\u00e9s et de services du Maroc vers les march\u00e9s occidentaux ont pos\u00e9 les bases de son [&hellip;]<\/p>\n","protected":false},"author":4,"featured_media":0,"parent":0,"menu_order":0,"comment_status":"closed","ping_status":"closed","template":"","meta":{"_mi_skip_tracking":false,"_monsterinsights_sitenote_active":false,"_monsterinsights_sitenote_note":"","_monsterinsights_sitenote_category":0,"footnotes":""},"_links":{"self":[{"href":"https:\/\/kboc.eu\/fr\/wp-json\/wp\/v2\/pages\/5204"}],"collection":[{"href":"https:\/\/kboc.eu\/fr\/wp-json\/wp\/v2\/pages"}],"about":[{"href":"https:\/\/kboc.eu\/fr\/wp-json\/wp\/v2\/types\/page"}],"author":[{"embeddable":true,"href":"https:\/\/kboc.eu\/fr\/wp-json\/wp\/v2\/users\/4"}],"replies":[{"embeddable":true,"href":"https:\/\/kboc.eu\/fr\/wp-json\/wp\/v2\/comments?post=5204"}],"version-history":[{"count":5,"href":"https:\/\/kboc.eu\/fr\/wp-json\/wp\/v2\/pages\/5204\/revisions"}],"predecessor-version":[{"id":5231,"href":"https:\/\/kboc.eu\/fr\/wp-json\/wp\/v2\/pages\/5204\/revisions\/5231"}],"wp:attachment":[{"href":"https:\/\/kboc.eu\/fr\/wp-json\/wp\/v2\/media?parent=5204"}],"curies":[{"name":"wp","href":"https:\/\/api.w.org\/{rel}","templated":true}]}}