{"id":5210,"date":"2024-01-15T16:19:16","date_gmt":"2024-01-15T15:19:16","guid":{"rendered":"https:\/\/kboc.eu\/radouane-fathi\/"},"modified":"2024-02-07T12:36:05","modified_gmt":"2024-02-07T11:36:05","slug":"radouane-fathi","status":"publish","type":"page","link":"https:\/\/kboc.eu\/fr\/radouane-fathi\/","title":{"rendered":"RADOUANE FATHI"},"content":{"rendered":"\t\t<div data-elementor-type=\"wp-page\" data-elementor-id=\"5210\" class=\"elementor elementor-5210 elementor-3427\" data-elementor-post-type=\"page\">\n\t\t\t\t\t\t\t\t\t<section class=\"elementor-section elementor-top-section elementor-element elementor-element-38e8159 px-gutter elementor-section-boxed elementor-section-height-default elementor-section-height-default\" data-id=\"38e8159\" data-element_type=\"section\" data-settings=\"{&quot;background_background&quot;:&quot;classic&quot;}\">\r\n\t\t\r\n\t\t\t\t\t\t\t<div class=\"elementor-container elementor-column-gap-default\">\r\n\t\t\t\t\t\t\t\t\t\t\t<div class=\"elementor-column elementor-col-50 elementor-top-column elementor-element elementor-element-6541c25 custom-full-img elementor-invisible\" data-id=\"6541c25\" data-element_type=\"column\" data-settings=\"{&quot;animation&quot;:&quot;fadeInUp&quot;,&quot;animation_delay&quot;:200,&quot;background_background&quot;:&quot;classic&quot;}\">\r\n\t\t\t\t\t<div class=\"elementor-widget-wrap elementor-element-populated\">\r\n\t\t\t\t\t\t\t\t<div class=\"elementor-element elementor-element-67e0c67 elementor-position-top elementor-widget elementor-widget-image-box\" data-id=\"67e0c67\" data-element_type=\"widget\" data-widget_type=\"image-box.default\">\n\t\t\t\t<div class=\"elementor-widget-container\">\n\t\t\t<style>.elementor-widget-image-box .elementor-image-box-content{width:100%}@media (min-width:768px){.elementor-widget-image-box.elementor-position-left .elementor-image-box-wrapper,.elementor-widget-image-box.elementor-position-right .elementor-image-box-wrapper{display:flex}.elementor-widget-image-box.elementor-position-right .elementor-image-box-wrapper{text-align:right;flex-direction:row-reverse}.elementor-widget-image-box.elementor-position-left .elementor-image-box-wrapper{text-align:left;flex-direction:row}.elementor-widget-image-box.elementor-position-top .elementor-image-box-img{margin:auto}.elementor-widget-image-box.elementor-vertical-align-top .elementor-image-box-wrapper{align-items:flex-start}.elementor-widget-image-box.elementor-vertical-align-middle .elementor-image-box-wrapper{align-items:center}.elementor-widget-image-box.elementor-vertical-align-bottom .elementor-image-box-wrapper{align-items:flex-end}}@media (max-width:767px){.elementor-widget-image-box .elementor-image-box-img{margin-left:auto!important;margin-right:auto!important;margin-bottom:15px}}.elementor-widget-image-box .elementor-image-box-img{display:inline-block}.elementor-widget-image-box .elementor-image-box-title a{color:inherit}.elementor-widget-image-box .elementor-image-box-wrapper{text-align:center}.elementor-widget-image-box .elementor-image-box-description{margin:0}<\/style><div class=\"elementor-image-box-wrapper\"><figure class=\"elementor-image-box-img\"><img fetchpriority=\"high\" decoding=\"async\" width=\"2206\" height=\"2560\" src=\"https:\/\/kboc.eu\/wp-content\/uploads\/2024\/01\/Redouane-Fathi-scaled.jpg\" class=\"elementor-animation-grow attachment-full size-full wp-image-5037\" alt=\"\" srcset=\"https:\/\/kboc.eu\/wp-content\/uploads\/2024\/01\/Redouane-Fathi-scaled.jpg 2206w, https:\/\/kboc.eu\/wp-content\/uploads\/2024\/01\/Redouane-Fathi-883x1024.jpg 883w, https:\/\/kboc.eu\/wp-content\/uploads\/2024\/01\/Redouane-Fathi-768x891.jpg 768w, https:\/\/kboc.eu\/wp-content\/uploads\/2024\/01\/Redouane-Fathi-1324x1536.jpg 1324w, https:\/\/kboc.eu\/wp-content\/uploads\/2024\/01\/Redouane-Fathi-1765x2048.jpg 1765w, https:\/\/kboc.eu\/wp-content\/uploads\/2024\/01\/Redouane-Fathi-640x743.jpg 640w, https:\/\/kboc.eu\/wp-content\/uploads\/2024\/01\/Redouane-Fathi-400x464.jpg 400w, https:\/\/kboc.eu\/wp-content\/uploads\/2024\/01\/Redouane-Fathi-367x426.jpg 367w\" sizes=\"(max-width: 2206px) 100vw, 2206px\" \/><\/figure><div class=\"elementor-image-box-content\"><div class=\"elementor-image-box-title\"><h4 class=\"font-weight-bold custom-name-font mb-0\"><span style=\"font-size: 19.6px;\">RADOUANE FATHI<\/span><span style=\"font-family: Sintony, Poppins; font-size: 15.12px; letter-spacing: -0.756px; color: var(--porto-body-color);\"><\/span><br><\/h4><\/div><p class=\"elementor-image-box-description\">DIRECTEUR DE LA PRODUCTION DES SERVICES DE CENTRE D'APPELS - MAROC<\/p><\/div><\/div>\t\t<\/div>\n\t\t\t\t<\/div>\n\t\t\t\t<div class=\"elementor-element elementor-element-0610b40 elementor-widget elementor-widget-porto_button\" data-id=\"0610b40\" data-element_type=\"widget\" data-settings=\"{&quot;align&quot;:&quot;left&quot;}\" data-widget_type=\"porto_button.default\">\n\t\t\t\t<div class=\"elementor-widget-container\">\n\t\t\t<a aria-label=\"button\" class=\"btn btn-md btn-primary btn-hover-text-effect hover-text-switch-left\" href=\"https:\/\/kboc.eu\/kboc-teams\/\"><span class=\"btn-text\" data-text=\"RENCONTREZ NOS \u00c9QUIPES\">RENCONTREZ NOS \u00c9QUIPES<\/span><\/a>\t\t<\/div>\n\t\t\t\t<\/div>\n\t\t\t\t\t<\/div>\r\n\t\t\t\t<\/div>\r\n\t\t\t\t<div class=\"elementor-column elementor-col-50 elementor-top-column elementor-element elementor-element-e664fb0\" data-id=\"e664fb0\" data-element_type=\"column\">\r\n\t\t\t\t\t<div class=\"elementor-widget-wrap elementor-element-populated\">\r\n\t\t\t\t\t\t\t\t<div class=\"elementor-element elementor-element-1a5929f elementor-invisible elementor-widget elementor-widget-porto_ultimate_heading\" data-id=\"1a5929f\" data-element_type=\"widget\" data-settings=\"{&quot;_animation&quot;:&quot;fadeInUp&quot;,&quot;_animation_delay&quot;:200}\" data-widget_type=\"porto_ultimate_heading.default\">\n\t\t\t\t<div class=\"elementor-widget-container\">\n\t\t\t<div class=\"porto-u-heading  porto-u-2939\"><div class=\"porto-u-sub-heading\" style=\"margin-bottom:20px;\"><p><span style=\"font-size: 13px;\">Radouane Fathi incarne la d\u00e9votion et l'expertise au sein du groupe KBOC &amp; Partners, occupant actuellement le poste de Directeur de la Production des Services de Centre d'Appels sur notre site de production au Maroc. Avec un engagement ind\u00e9fectible envers le groupe KBOC &amp; Partners, M. Fathi peut se pr\u00e9valoir d'une trajectoire professionnelle impressionnante, ayant consacr\u00e9 l'ensemble de son parcours professionnel \u00e0 notre organisation. Au fil de son parcours, il est pass\u00e9 d'Agent de Centre d'Appels \u00e0 Chef d'\u00c9quipe, excellant ensuite en tant que Chef de Projet, pour finalement acc\u00e9der au poste de Directeur de Production, d\u00e9montrant une profonde exp\u00e9rience et polyvalence in\u00e9gal\u00e9es. La contribution unique de M. Fathi r\u00e9side dans sa ma\u00eetrise compl\u00e8te des aspects techniques et manag\u00e9riaux des services de centre d'appels. Il joue un r\u00f4le cl\u00e9 dans tous les aspects des projets de centre d'appels, veillant \u00e0 l'engagement efficace des clients, au recrutement, \u00e0 la formation, au lancement des projets et \u00e0 la qualit\u00e9 continue des services, tout en servant de lien principal avec les \u00e9quipes de gestion des clients pour une communication fluide et une satisfaction optimale.<\/span><\/p><\/div><style>.porto-u-2939.porto-u-heading{text-align:left}<\/style><\/div>\t\t<\/div>\n\t\t\t\t<\/div>\n\t\t\t\t\t<\/div>\r\n\t\t\t\t<\/div>\r\n\t\t\t\t\t<\/div>\r\n\t\t\t\t<\/section>\r\n\t\t\t\t\t\t\t<\/div>\n\t\t","protected":false},"excerpt":{"rendered":"<p>RADOUANE FATHI DIRECTEUR DE LA PRODUCTION DES SERVICES DE CENTRE D&rsquo;APPELS &#8211; MAROC RENCONTREZ NOS \u00c9QUIPES Radouane Fathi incarne la d\u00e9votion et l&rsquo;expertise au sein du groupe KBOC &amp; Partners, occupant actuellement le poste de Directeur de la Production des Services de Centre d&rsquo;Appels sur notre site de production au Maroc. Avec un engagement ind\u00e9fectible [&hellip;]<\/p>\n","protected":false},"author":4,"featured_media":0,"parent":0,"menu_order":0,"comment_status":"closed","ping_status":"closed","template":"","meta":{"_mi_skip_tracking":false,"_monsterinsights_sitenote_active":false,"_monsterinsights_sitenote_note":"","_monsterinsights_sitenote_category":0,"footnotes":""},"_links":{"self":[{"href":"https:\/\/kboc.eu\/fr\/wp-json\/wp\/v2\/pages\/5210"}],"collection":[{"href":"https:\/\/kboc.eu\/fr\/wp-json\/wp\/v2\/pages"}],"about":[{"href":"https:\/\/kboc.eu\/fr\/wp-json\/wp\/v2\/types\/page"}],"author":[{"embeddable":true,"href":"https:\/\/kboc.eu\/fr\/wp-json\/wp\/v2\/users\/4"}],"replies":[{"embeddable":true,"href":"https:\/\/kboc.eu\/fr\/wp-json\/wp\/v2\/comments?post=5210"}],"version-history":[{"count":3,"href":"https:\/\/kboc.eu\/fr\/wp-json\/wp\/v2\/pages\/5210\/revisions"}],"predecessor-version":[{"id":5213,"href":"https:\/\/kboc.eu\/fr\/wp-json\/wp\/v2\/pages\/5210\/revisions\/5213"}],"wp:attachment":[{"href":"https:\/\/kboc.eu\/fr\/wp-json\/wp\/v2\/media?parent=5210"}],"curies":[{"name":"wp","href":"https:\/\/api.w.org\/{rel}","templated":true}]}}